{"id":42,"date":"2018-12-17T20:02:43","date_gmt":"2018-12-17T20:02:43","guid":{"rendered":"http:\/\/teanieminen.fi\/?page_id=42"},"modified":"2025-04-12T14:53:43","modified_gmt":"2025-04-12T14:53:43","slug":"sitoudun","status":"publish","type":"page","link":"https:\/\/teanieminen.fi\/?page_id=42","title":{"rendered":"Luottamusteht\u00e4v\u00e4t"},"content":{"rendered":"\n<h4 class=\"wp-block-heading\"><strong>Kunnalliset luottamustoimet<\/strong><\/h4>\n\n\n\n<p>Valtuuston j\u00e4sen 2017-<br>Valtuuston 1.varapuheenjohtaja 2019-<br>Keski-Uudenmaan hyvinvointialuevaltuuston varaj\u00e4sen 2022-<br>Palveluiden j\u00e4rjest\u00e4misen lautakunnan varaj\u00e4sen 2022- <br>Keski-Uudenmaan ty\u00f6llisyysalueen johtokunta 2024-<\/p>\n\n\n\n<p>Keski-Uudenmaan ty\u00f6llisyysalueen ohjausryhm\u00e4 2023-24<br>Keusoten hallituksen j\u00e4sen 2021-2023<br>Keusoten valtuusto 2017-2021<br>Uudenmaan liiton maakuntavaltuusto 2017-2021<br>Varapj. M\u00e4nts\u00e4l\u00e4-Pornainen sosiaali- ja terveyslautakunta 2017- 2018<br>Kunnanhallituksen varaj\u00e4sen 2013-2019<br>Leirikeskustoimikunnan j\u00e4sen 2013-2017<br><br>Silmu ry, hallituksen varaj\u00e4sen 2016-2018<\/p>\n\n\n\n<p><\/p>\n\n\n\n<p><strong>Keskustaan liittyv\u00e4t luottamusteht\u00e4v\u00e4t<\/strong><\/p>\n\n\n\n<p><strong>Valtakunnallinen ja piiritaso<\/strong><\/p>\n\n\n\n<ul class=\"wp-block-list\">\n<li>Keskustan puoluevaltuuston varaj\u00e4sen (2020\u20132026)<\/li>\n\n\n\n<li>Keskustan Uudenmaan piirin varapuheenjohtaja (2021\u20132023)<\/li>\n\n\n\n<li>Keskustan Uudenmaan piirin hallituksen j\u00e4sen (2017\u20132018)<\/li>\n\n\n\n<li>Keskustanaisten Uudenmaan piirin puheenjohtaja (2018)<\/li>\n<\/ul>\n\n\n\n<h4 class=\"wp-block-heading\">Paikallinen taso \u2013 Pornainen ja Halkia<\/h4>\n\n\n\n<ul class=\"wp-block-list\">\n<li>Keskustan Pornaisten kunnallisj\u00e4rjest\u00f6n puheenjohtaja (2025)<\/li>\n\n\n\n<li>Johtokunnan j\u00e4sen, Keskustan Pornaisten kunnallisj\u00e4rjest\u00f6 (2018\u20132025)<\/li>\n\n\n\n<li>Johtokunnan j\u00e4sen, Keskustan Halkian paikallisosasto (2018\u20132025)<\/li>\n\n\n\n<li>Sihteeri, Keskustan Halkian paikallisosasto (2016\u20132017)<\/li>\n<\/ul>\n\n\n\n<figure class=\"wp-block-image size-large\"><a href=\"https:\/\/teanieminen.fi\/wp-content\/uploads\/2023\/01\/20230126_190747_0000.png\"><img loading=\"lazy\" decoding=\"async\" width=\"1024\" height=\"576\" src=\"https:\/\/teanieminen.fi\/wp-content\/uploads\/2023\/01\/20230126_190747_0000-1024x576.png\" alt=\"\" class=\"wp-image-416\" srcset=\"https:\/\/teanieminen.fi\/wp-content\/uploads\/2023\/01\/20230126_190747_0000-1024x576.png 1024w, https:\/\/teanieminen.fi\/wp-content\/uploads\/2023\/01\/20230126_190747_0000-300x169.png 300w, https:\/\/teanieminen.fi\/wp-content\/uploads\/2023\/01\/20230126_190747_0000-768x432.png 768w, https:\/\/teanieminen.fi\/wp-content\/uploads\/2023\/01\/20230126_190747_0000.png 1366w\" sizes=\"auto, (max-width: 1024px) 100vw, 1024px\" \/><\/a><\/figure>\n","protected":false},"excerpt":{"rendered":"<p>Kunnalliset luottamustoimet Valtuuston j\u00e4sen 2017-Valtuuston 1.varapuheenjohtaja 2019-Keski-Uudenmaan hyvinvointialuevaltuuston varaj\u00e4sen 2022-Palveluiden j\u00e4rjest\u00e4misen lautakunnan varaj\u00e4sen 2022- Keski-Uudenmaan ty\u00f6llisyysalueen johtokunta 2024- Keski-Uudenmaan ty\u00f6llisyysalueen ohjausryhm\u00e4 2023-24Keusoten hallituksen j\u00e4sen 2021-2023Keusoten valtuusto 2017-2021Uudenmaan liiton maakuntavaltuusto 2017-2021Varapj. M\u00e4nts\u00e4l\u00e4-Pornainen sosiaali- ja terveyslautakunta 2017- 2018Kunnanhallituksen varaj\u00e4sen 2013-2019Leirikeskustoimikunnan j\u00e4sen 2013-2017 Silmu ry, hallituksen varaj\u00e4sen 2016-2018 Keskustaan liittyv\u00e4t luottamusteht\u00e4v\u00e4t Valtakunnallinen ja piiritaso Paikallinen taso \u2013 Pornainen [&hellip;]<\/p>\n","protected":false},"author":3,"featured_media":358,"parent":0,"menu_order":0,"comment_status":"closed","ping_status":"closed","template":"","meta":{"footnotes":""},"class_list":["post-42","page","type-page","status-publish","has-post-thumbnail","hentry"],"_links":{"self":[{"href":"https:\/\/teanieminen.fi\/index.php?rest_route=\/wp\/v2\/pages\/42","targetHints":{"allow":["GET"]}}],"collection":[{"href":"https:\/\/teanieminen.fi\/index.php?rest_route=\/wp\/v2\/pages"}],"about":[{"href":"https:\/\/teanieminen.fi\/index.php?rest_route=\/wp\/v2\/types\/page"}],"author":[{"embeddable":true,"href":"https:\/\/teanieminen.fi\/index.php?rest_route=\/wp\/v2\/users\/3"}],"replies":[{"embeddable":true,"href":"https:\/\/teanieminen.fi\/index.php?rest_route=%2Fwp%2Fv2%2Fcomments&post=42"}],"version-history":[{"count":28,"href":"https:\/\/teanieminen.fi\/index.php?rest_route=\/wp\/v2\/pages\/42\/revisions"}],"predecessor-version":[{"id":436,"href":"https:\/\/teanieminen.fi\/index.php?rest_route=\/wp\/v2\/pages\/42\/revisions\/436"}],"wp:featuredmedia":[{"embeddable":true,"href":"https:\/\/teanieminen.fi\/index.php?rest_route=\/wp\/v2\/media\/358"}],"wp:attachment":[{"href":"https:\/\/teanieminen.fi\/index.php?rest_route=%2Fwp%2Fv2%2Fmedia&parent=42"}],"curies":[{"name":"wp","href":"https:\/\/api.w.org\/{rel}","templated":true}]}}